{"id":3443,"date":"2026-04-30T09:40:07","date_gmt":"2026-04-30T06:40:07","guid":{"rendered":"https:\/\/alfalawfirm.com\/?page_id=3443"},"modified":"2026-04-30T09:46:50","modified_gmt":"2026-04-30T06:46:50","slug":"etrangers-et-droit-de-la-citoyennete","status":"publish","type":"page","link":"https:\/\/alfalawfirm.com\/fr\/foreigners-and-citizenship-law\/","title":{"rendered":"Foreigners and Citizenship Law"},"content":{"rendered":"<div data-elementor-type=\"wp-page\" data-elementor-id=\"3443\" class=\"elementor elementor-3443\">\n\t\t\t\t<div class=\"elementor-element elementor-element-b2eac2d e-flex e-con-boxed e-con e-parent\" data-id=\"b2eac2d\" data-element_type=\"container\" data-e-type=\"container\">\n\t\t\t\t\t<div class=\"e-con-inner\">\n\t\t\t\t<div class=\"elementor-element elementor-element-688186f elementor-widget elementor-widget-text-editor\" data-id=\"688186f\" data-element_type=\"widget\" data-e-type=\"widget\" data-widget_type=\"text-editor.default\">\n\t\t\t\t<div class=\"elementor-widget-container\">\n\t\t\t\t\t\t\t\t\t<p data-start=\"124\" data-end=\"394\">Foreigners and citizenship law is a field that covers various areas. Matters such as foreigners acquiring citizenship in our country, work and residence permits for foreigners in our country, and the acquisition of property by foreigners are evaluated within this scope.<\/p><p data-start=\"396\" data-end=\"708\">Receiving assistance and consultancy services from an expert and competent lawyer in the follow-up and execution of these services within the framework of legal provisions and application procedures will both ensure that your procedures are concluded quickly and prevent applications from remaining inconclusive.<\/p><h2 data-start=\"710\" data-end=\"762\" data-section-id=\"1ld6053\"><span style=\"font-size: 18pt;\">Services Provided in the Field of Citizenship Law<\/span><\/h2><p data-start=\"764\" data-end=\"949\">Within the scope of citizenship law, under Turkish Citizenship Law No. 5901 and the current legislation regarding the implementation of this law, we provide services in matters such as:<\/p><p data-start=\"951\" data-end=\"1024\">Applications for and acquisition of Turkish citizenship in general terms,<\/p><p data-start=\"1026\" data-end=\"1106\">Applications for and acquisition of Turkish citizenship on an exceptional basis,<\/p><p data-start=\"1108\" data-end=\"1209\">Acquisition of citizenship through marriage and the criteria taken into consideration in this regard,<\/p><p data-start=\"1211\" data-end=\"1306\">Cancellation and follow-up of procedures in the event of rejection of citizenship applications,<\/p><p data-start=\"1308\" data-end=\"1419\">Procedures and transactions related to renunciation of citizenship, dual citizenship, and multiple citizenship.<\/p><p data-start=\"1421\" data-end=\"1587\">We provide legal consultancy services for the fast and effective follow-up of your procedures and transactions related to citizenship law in the best possible manner.<\/p><h2 data-start=\"1589\" data-end=\"1646\" data-section-id=\"18eo78v\"><span style=\"font-size: 18pt;\">Requirements for Foreigners to Become Turkish Citizens<\/span><\/h2><p data-start=\"1648\" data-end=\"1780\">Law No. 5901 sets out different criteria for foreigners to acquire Turkish citizenship according to various conditions. Accordingly:<\/p><h2 data-start=\"1782\" data-end=\"1844\" data-section-id=\"13v7y1b\"><span style=\"font-size: 18pt;\">Acquisition of Turkish Citizenship Under General Provisions<\/span><\/h2><p data-start=\"1846\" data-end=\"2003\">Pursuant to Article 11 of Turkish Citizenship Law No. 5901, foreigners who wish to acquire Turkish citizenship are required to meet the following conditions:<\/p><p data-start=\"2005\" data-end=\"2178\">They must have reached the age of majority and have the power of discernment according to their own national law, or, if stateless, according to Turkish Civil Code No. 4721.<\/p><p data-start=\"2180\" data-end=\"2275\">They must have resided in T\u00fcrkiye continuously for five years prior to the date of application.<\/p><p data-start=\"2277\" data-end=\"2761\">They must have confirmed their decision to settle in T\u00fcrkiye through actions such as acquiring immovable property in T\u00fcrkiye, establishing a business, making an investment, transferring their trade and business center to T\u00fcrkiye, working in a workplace subject to a work permit, or similar conduct; or by marrying a Turkish citizen, applying as a family, having a mother, father, sibling, or child who previously acquired Turkish citizenship, or completing their education in T\u00fcrkiye.<\/p><p data-start=\"2763\" data-end=\"2831\">They must not have any disease that poses a threat to public health.<\/p><p data-start=\"2833\" data-end=\"3115\">They must show that they have good moral character by acting with a sense of responsibility required for living together in society, inspire trust in those around them through their behavior, and not have bad habits that are not socially tolerated and are contrary to social values.<\/p><p data-start=\"3117\" data-end=\"3198\">They must be able to speak Turkish at a level sufficient to adapt to social life.<\/p><p data-start=\"3200\" data-end=\"3339\">They must have an income or profession that will enable them to support themselves and the persons they are obliged to care for in T\u00fcrkiye.<\/p><p data-start=\"3341\" data-end=\"3450\">They must not have any condition that constitutes an obstacle in terms of national security and public order.<\/p><h2 data-start=\"3452\" data-end=\"3517\" data-section-id=\"1g3ivxn\"><span style=\"font-size: 18pt;\">Acquisition of Turkish Citizenship Through the Right of Choice<\/span><\/h2><p data-start=\"3519\" data-end=\"3822\">Persons who lost Turkish citizenship due to their mother or father losing citizenship by obtaining permission to renounce it, and who submit a written declaration to acquire Turkish citizenship within three years from reaching adulthood, may regain Turkish citizenship by exercising the right of choice.<\/p><p data-start=\"3824\" data-end=\"4013\">The loss of Turkish citizenship through the right of choice becomes effective from the date of the Ministry\u2019s decision determining the existence of the conditions for exercising this right.<\/p><p data-start=\"4015\" data-end=\"4253\">This is generally a method of acquiring citizenship applied to persons who, according to their personal circumstances, are considered beneficial to be granted citizenship of the country and who do not pose a risk in terms of public order.<\/p><p data-start=\"4255\" data-end=\"4357\">Exceptional acquisition of Turkish citizenship is also possible under the conditions specified by law.<\/p><p data-start=\"4359\" data-end=\"4559\">It may also be possible for immigrants and asylum seekers to be accepted as citizens under Settlement Law No. 5543 upon the proposal of Turkish authorities and by decision of the Council of Ministers.<\/p><p data-start=\"4561\" data-end=\"4669\">Turkish citizenship may be acquired with a residence requirement or without seeking a residence requirement.<\/p><p data-start=\"4671\" data-end=\"4759\">Turkish citizenship may also be acquired through marriage if certain conditions are met.<\/p><h2 data-start=\"4761\" data-end=\"4806\" data-section-id=\"1p69f6x\"><span style=\"font-size: 18pt;\">Expert Lawyer for Citizenship Applications<\/span><\/h2><p data-start=\"4808\" data-end=\"5105\">We provide legal services on your behalf in many matters, such as ensuring that your applications are concluded quickly before public authorities and preparing and submitting the necessary documents and paperwork on time within the framework of the principles forming the basis of the application.<\/p><p data-start=\"5107\" data-end=\"5517\">As Alfa Law and Consultancy, we provide services with our expert team so that you can obtain your rights without filing a lawsuit or pursue your rights through litigation when necessary. Citizenship and foreigners law requires experience in this field and the complete and thorough follow-up of processes. Within this scope, all necessary procedures and transactions are followed on your behalf without omission.<\/p><h2 data-start=\"5519\" data-end=\"5559\" data-section-id=\"on6v2i\"><span style=\"font-size: 18pt;\">How Much Are Citizenship Lawyer Fees?<\/span><\/h2><p data-start=\"5561\" data-end=\"5934\">It is not possible to provide a definite and fixed fee for these services, as the nature of the procedures to be carried out may vary from one case to another. The requested fee may vary depending on the scope and characteristics of the work and procedures to be carried out, as well as the variety and scope of the application documents and other paperwork to be prepared.<\/p><p data-start=\"5936\" data-end=\"6266\" data-is-last-node=\"\" data-is-only-node=\"\">Within the framework of the Minimum Attorneyship Fee Tariff determined for legal services, the fees for these services are determined through negotiation with you according to the nature of the work and procedures to be carried out or already carried out, and according to the applications to be made before relevant institutions.<\/p>\t\t\t\t\t\t\t\t<\/div>\n\t\t\t\t<\/div>\n\t\t\t\t\t<\/div>\n\t\t\t\t<\/div>\n\t\t\t\t<\/div>","protected":false},"excerpt":{"rendered":"<p>Foreigners and citizenship law is a field that covers various areas. Matters such as foreigners acquiring citizenship in our country, work and residence permits for foreigners in our country, and the acquisition of property by foreigners are evaluated within this scope. Receiving assistance and consultancy services from an expert and competent lawyer in the follow-up [&hellip;]<\/p>\n","protected":false},"author":1,"featured_media":3047,"parent":0,"menu_order":0,"comment_status":"closed","ping_status":"closed","template":"elementor_header_footer","meta":{"_joinchat":[],"footnotes":""},"class_list":["post-3443","page","type-page","status-publish","has-post-thumbnail","hentry"],"_links":{"self":[{"href":"https:\/\/alfalawfirm.com\/fr\/wp-json\/wp\/v2\/pages\/3443","targetHints":{"allow":["GET"]}}],"collection":[{"href":"https:\/\/alfalawfirm.com\/fr\/wp-json\/wp\/v2\/pages"}],"about":[{"href":"https:\/\/alfalawfirm.com\/fr\/wp-json\/wp\/v2\/types\/page"}],"author":[{"embeddable":true,"href":"https:\/\/alfalawfirm.com\/fr\/wp-json\/wp\/v2\/users\/1"}],"replies":[{"embeddable":true,"href":"https:\/\/alfalawfirm.com\/fr\/wp-json\/wp\/v2\/comments?post=3443"}],"version-history":[{"count":9,"href":"https:\/\/alfalawfirm.com\/fr\/wp-json\/wp\/v2\/pages\/3443\/revisions"}],"predecessor-version":[{"id":3453,"href":"https:\/\/alfalawfirm.com\/fr\/wp-json\/wp\/v2\/pages\/3443\/revisions\/3453"}],"wp:featuredmedia":[{"embeddable":true,"href":"https:\/\/alfalawfirm.com\/fr\/wp-json\/wp\/v2\/media\/3047"}],"wp:attachment":[{"href":"https:\/\/alfalawfirm.com\/fr\/wp-json\/wp\/v2\/media?parent=3443"}],"curies":[{"name":"wp","href":"https:\/\/api.w.org\/{rel}","templated":true}]}}